{"id":2192,"date":"2026-03-22T17:10:22","date_gmt":"2026-03-22T15:10:22","guid":{"rendered":"https:\/\/nutricor.ro\/index.php\/cookie-policy\/"},"modified":"2026-03-22T17:51:51","modified_gmt":"2026-03-22T15:51:51","slug":"cookie-policy","status":"publish","type":"page","link":"https:\/\/nutricor.ro\/index.php\/cookie-policy\/","title":{"rendered":"Cookie Policy"},"content":{"rendered":"\n<h1 class=\"wp-block-heading\">POLITICA DE COOKIE-URI<\/h1>\n\n\n\n<p>VERSIUNE DIN: 20.03.2026<\/p>\n\n\n\n<ol>\n<li>Cine suntem?<\/li>\n\n\n\n<li>Aplicabilitate<\/li>\n\n\n\n<li>Defini\u021bii<\/li>\n\n\n\n<li>Ce sunt cookie-urile?<\/li>\n\n\n\n<li>Durata de via\u021b\u0103 a cookie-urilor<\/li>\n\n\n\n<li>Cookie-urile proprii \u0219i cookie-urile plasate de ter\u021bi<\/li>\n\n\n\n<li>Categorii de cookie-uri in func\u021bie de scop, folosite \u00een general pe site-uri<\/li>\n\n\n\n<li>Cookie-uri folosite pe site-urile si aplicatiile noastre<\/li>\n\n\n\n<li>Restric\u021bionarea \u0219i \u0219tergerea cookie-urilor<\/li>\n\n\n\n<li>Care sunt consecintele restrictionarii de cookie-uri sau a retragerii consimtamantului<\/li>\n\n\n\n<li>Recomand\u0103ri de securitate<\/li>\n\n\n\n<li>Actualizarea informa\u021biilor incluse \u00een aceast\u0103 politic\u0103<\/li>\n\n\n\n<li>Contact<\/li>\n<\/ol>\n\n\n\n<h2 class=\"wp-block-heading\" id=\"chapter1\">1. CINE SUNTEM?<\/h2>\n\n\n\n<p>1.1. Aceast\u0103 Politic\u0103 de Cookie-uri \u00ee\u0163i explic\u0103 modul \u00een care noi,&nbsp;<strong>NUTRICOR BUSINESS S.R.L.<\/strong>&nbsp;(denumit\u0103 \u00een continuare \u201e<strong>NUTRICOR BUSINESS<\/strong>\u201d sau \u201e<strong>Noi<\/strong>\u201d), cu sediul \u00een Bragadiru, Str. Ofrandei nr. 9, Cam. 2, 3 si 9, cod po\u0219tal 077025, CUI RO17728719, \u00eenregistrat\u0103 la Registrul Comer\u021bului sub nr. J23\/5838\/2023, colect\u0103m, p\u0103str\u0103m \u0219i folosim cookie-uri pe pagina noastra www.nutricor.ro&nbsp;(denumita \u00een continuare individual \u201e<strong>Site<\/strong>\u201d).<\/p>\n\n\n\n<p>1.2. Prezenta Politic\u0103 de Cookie-uri vine \u00een completarea Termenilor \u0219i condi\u0163iilor de utilizare a Site-ului nostru.<\/p>\n\n\n\n<h2 class=\"wp-block-heading\" id=\"chapter2\">2. APLICABILITATE<\/h2>\n\n\n\n<p>2.1.Site-ul nostru poate con\u021bine informa\u021bii sau link-uri c\u0103tre alte site-uri web pe care nu le de\u021binem si\/sau administr\u0103m. Aceast\u0103 Politic\u0103 de Cookie-uri se aplic\u0103 doar cookie-urilor existente pe Site-ul nostru. Te sf\u0103tuim sa verifici politicile de cookies ale acestor site-uri web atunci c\u00e2nd navighezi pe ele pentru a \u00een\u021belege cum sunt utilizate si distribuite datele tale de c\u0103tre aceste site-uri ter\u021be.<\/p>\n\n\n\n<h2 class=\"wp-block-heading\" id=\"chapter3\">3. DEFINI\u021aII<\/h2>\n\n\n\n<p>\u2022 dispozitiv \u2013 \u00eenseamn\u0103 un aparat, de exemplu un telefon mobil, o tableta, un laptop sau un calculator, care poate fi utilizat pentru a va conecta la internet;<\/p>\n\n\n\n<p>\u2022 vizitator \u2013 \u00eenseamn\u0103 o persoana fizica care utilizeaz\u0103 un dispozitiv pentru a accesa informa\u021bii pe internet;<\/p>\n\n\n\n<p>\u2022 browser \u2013 \u00eenseamn\u0103 un program de calculator care permite vizitatorilor sa citeasc\u0103 informa\u021bii pe internet;<\/p>\n\n\n\n<p>\u2022 pagina web \u2013 \u00eenseamn\u0103 o pagina de informa\u021bii pe internet despre un anumit subiect, care face parte dintr-un site web;<\/p>\n\n\n\n<p>\u2022 server web \u2013 \u00eenseamn\u0103 un sistem informatic care ruleaz\u0103 site-uri web si furnizeaz\u0103 pagini web si informa\u021bii vizitatorilor;<\/p>\n\n\n\n<p>\u2022 tu \u2013 \u00eenseamn\u0103 vizitatorul care navigheaz\u0103 pe Site-ul nostru si\/sau cite\u0219te aceasta Politica de Cookie-uri.<\/p>\n\n\n\n<h2 class=\"wp-block-heading\" id=\"chapter4\">4. CE SUNT COOKIE-URILE?<\/h2>\n\n\n\n<p>4.1. Cookie-urile reprezint\u0103 fi\u0219iere text de mici dimensiuni formate din litere \u0219i numere, care vor fi stocate pe dispozitivul (computerul, terminalul mobil sau alte dispozitive) unui utilizator \u00een momentul \u00een care acceseaz\u0103 Internetul. Cookie-urile sunt instalate prin solicitarea trimis\u0103 de un webserver unui browser \u0219i este complet pasiv\u0103, \u00een sensul c\u0103 nu con\u021bine programe software, viru\u0219i sau spyware \u0219i nu poate accesa informa\u021biile de pe hard disk-ul utilizatorului. Cookie-urile pot fi recunoscute de website-ul care le-a desc\u0103rcat sau de orice alt website care folose\u0219te acelea\u0219i cookie-uri. Astfel website-urile pot afla dac\u0103 un dispozitiv le-a vizitat anterior.<\/p>\n\n\n\n<p>4.2. Un cookie con\u021bine informa\u021bii care fac legatura \u00eentre browser-ul t\u0103u \u0219i Site-ul nostru. De fiecare data c\u00e2nd revii pe Site-ul nostru, serverul web va citi informa\u021bia deja stocat\u0103 \u0219i nu te vom \u00eentreba din nou despre op\u021biunile tale, de exemplu \u00een materie de confiden\u021bialitate online, privind limba site-ului, salvarea datelor de \u00eenregistrare sau publicitate relevant\u0103. Po\u021bi modifica oric\u00e2nd aceste op\u021biuni.<\/p>\n\n\n\n<h2 class=\"wp-block-heading\" id=\"chapter5\">5. DURATA DE VIA\u021a\u0102 A COOKIE-URILOR<\/h2>\n\n\n\n<p>5.1. Durata de via\u021b\u0103 a unui cookie poate varia semnificativ, depinz\u00e2nd de scopul lui. Unele cookie-uri sunt folosite exclusiv pentru o singur\u0103 sesiune (a\u0219a-numitele cookie-uri de sesiune) \u0219i vor fi \u0219terse de pe hard disk imediat dup\u0103 sesiunea ta de navigare. Acestea sunt stocate temporar \u00een dosarul de cookie-uri al browserului web pentru ca acesta s\u0103 le memoreze p\u00e2n\u0103 c\u00e2nd utilizatorul iese de pe website-ul respectiv sau \u00eenchide fereastra browser-ului (de exemplu \u00een momentul log\u0103rii\/delog\u0103rii pe un cont de web-mail sau pe re\u021bele de socializare).<\/p>\n\n\n\n<p>5.2. Alte cookie-uri r\u0103m\u00e2n salvate pe unitatea hard disk a dispozitivului t\u0103u \u0219i vor fi refolosite de fiecare dat\u0103 c\u00e2nd revii pe Site (a\u0219a-numitele cookie-uri persistente), permi\u021b\u00e2ndu-ne s\u0103 recunoa\u0219tem dispozitivul \u00een cazul unei vizite ulterioare pe Site-ul nostru. Cookie-urile persistente le includ \u0219i pe cele plasate de un alt web-site dec\u00e2t cel pe care \u00eel viziteaz\u0103 utilizatorul la momentul respectiv \u2013 cunoscute sub numele de \u201ethird party cookies\u201d (cookie-uri plasate de ter\u021bi) \u2013 care pot fi folosite \u00een mod anonim pentru a memora interesele unui utilizator, astfel \u00eenc\u00e2t s\u0103 fie livrat\u0103 publicitate c\u00e2t mai relevant\u0103 pentru utilizatori.<\/p>\n\n\n\n<p>5.3. Intrucat folosim cookie-uri de sesiune si cookie-uri persistente, po\u021bi \u0219terge oric\u00e2nd cookie-urile persistente salvate pe dispozitivul t\u0103u; mai multe detalii \u00een acest sens fiind furnizate mai jos \u00een sec\u021biunea 9 a acestei Politici de Cookie-uri.<\/p>\n\n\n\n<h2 class=\"wp-block-heading\" id=\"chapter6\">6. COOKIE-URILE PROPRII \u0218I COOKIE-URILE PLASATE DE TER\u021aI<\/h2>\n\n\n\n<p>6.1. In general, cookie-urile pot fi instalate de c\u0103tre operatorul website-ului pe care \u00eel acceseaz\u0103 utilizatorul (a\u0219a-numitele cookie-uri proprii) sau de alte website-uri (a\u0219a-numitele cookie-uri plasate de ter\u021bi). Aceast\u0103 Politic\u0103 de Cookies nu acoper\u0103 utilizarea cookie-urilor de c\u0103tre astfel de ter\u021be p\u0103r\u021bi, iar pentru mai multe informa\u021bii despre acele cookie-uri, te rug\u0103m s\u0103 accesezi politicile lor de cookie-uri \u0219i de prelucrare a datelor personale.<\/p>\n\n\n\n<p>6.2. Folosim cookie-uri proprii pentru a estima num\u0103rul de vizitatori unici, pentru a \u00eembun\u0103t\u0103\u021bi Site-ul noastru \u0219i pentru a detecta cele mai c\u0103utate cuvinte \u00een motoarele de c\u0103utare care duc la o pagin\u0103 web. De asemenea, folosim aceste cookie-uri pentru a afla cum func\u021bioneaz\u0103 Site-ul nostru, pentru a aduce \u00eembun\u0103t\u0103\u021biri relevante \u0219i pentru a v\u0103 \u00eembun\u0103t\u0103\u021bi experien\u021ba de navigare.<\/p>\n\n\n\n<p>6.3. Cookie-uri plasate de ter\u021bi nu sunt plasate direct de Site-ul noastru. Cookie-urile apar\u021bin furnizorilor de servicii, precum furnizori de date analitice sau cele ale platformelor de socializare, care verific\u0103 modul \u00een care vizitatorii interac\u021bioneaz\u0103 cu con\u021binutul unui site. Aceste cookie-uri re\u021bin ceea ce au f\u0103cut vizitatorii pe paginile Site-ului \u0219i modul \u00een care au interac\u021bionat cu Site-ul. Pentru instruc\u021biuni despre cum s\u0103 renun\u021bi la cookie-uri, consult\u0103 sec\u021biunea 9 de mai jos.<\/p>\n\n\n\n<h2 class=\"wp-block-heading\" id=\"chapter7\">7. CATEGORII DE COOKIE-URI \u00ceN FUNC\u021aIE DE SCOP, FOLOSITE \u00ceN GENERAL PE SITE-URI<\/h2>\n\n\n\n<p>Unele cookie-uri sunt necesare pentru a i\u021bi permite s\u0103 navighezi pe website, s\u0103 utilizezi caracteristicile acestuia \u0219i s\u0103 accesezi zone securizate. Utilizarea acestor cookie-uri este esen\u021bial\u0103 pentru ca site-ul s\u0103 func\u021bioneze. Alte cookie-uri sunt op\u021bionale, vizitatorul put\u00e2nd sa refuze plasarea cookie-urilor pe dispozitiv si\/sau sa le \u0219tearg\u0103 ulterior. Cookie-urile utilizate de obicei site-uri sunt clasificate dup\u0103 cum urmeaz\u0103:<\/p>\n\n\n\n<p><strong>\u2022 Cookie-uri strict necesare sau esen\u021biale<\/strong>: Aceste fi\u015fiere cookie sunt necesare pentru func\u021bionarea site-ului. Acestea sunt de obicei configurate pentru a r\u0103spunde ac\u021biunilor f\u0103cute de vizitator pentru a primi servicii, precum setarea preferin\u021belor de confiden\u021bialitate, autentificarea pe site sau completarea formularelor. Aceste fi\u015fiere cookie nu stocheaz\u0103 informa\u021bii de identificare personal\u0103;<\/p>\n\n\n\n<p><strong>\u2022 Cookie-uri de performan\u021b\u0103<\/strong>: Aceste fi\u015fiere cookie permit s\u0103 inventarierea vizitelor \u0219i surselor de trafic, pentru m\u0103surarea \u0219i \u00eembun\u0103t\u0103\u021birea performan\u021belor site-ului. Aceste cookie-uri indica ce pagini sunt mai mult sau mai pu\u021bin populare \u0219i numarul vizitatorilor. Toate informa\u021biile pe care le colecteaz\u0103 aceste cookie-uri sunt agregate;<\/p>\n\n\n\n<p><strong>\u2022 Cookie-uri func\u021bionale sau de preferin\u021b\u0103<\/strong>: Aceste cookie-uri permit unui site s\u0103-\u0219i aminteasc\u0103 informa\u021bii care modific\u0103 modul \u00een care acesta se comport\u0103 sau arat\u0103 pentru fiecare vizitator in parte, cum ar fi numele de utilizator al vizitatorului, limba preferat\u0103 sau regiunea \u00een care se afl\u0103. Aceste cookie-uri pot fi folosite \u0219i pentru a retine modific\u0103rile f\u0103cute de un vizitator, ca dimensiunea textului, fontul \u0219i alte p\u0103r\u021bi ale paginilor care pot fi personalizate. Aceste cookie-uri pot fi, de asemenea, utilizate pentru a furniza servicii precum vizionarea unui videoclip sau comentarea pe un blog. Informa\u021biile pe care aceste cookie-uri le colecteaz\u0103 sunt in general anonime \u0219i nu pot urm\u0103ri activitatea de navigare a vizitatorului pe alte site-uri;<\/p>\n\n\n\n<p><strong>\u2022 Cookie-uri de con\u021binut personalizat<\/strong>: Aceste cookie-uri sunt cookie-uri proprii site-ului si ajut\u0103 un site s\u0103 ofere caracteristici \u00eembun\u0103t\u0103\u021bite \u0219i s\u0103 afi\u0219eze con\u021binut \u00eentr-un mod relevant pentru un vizitator. Aceste cookie-uri ajut\u0103 un site s\u0103 stabileasc\u0103 ce informa\u021bii s\u0103 afi\u0219eze unui vizitator pe baza modului \u00een care a folosit anterior site-ul. In general, aceste cookie-uri nu urm\u0103resc activitatea de navigare a vizitatorului pe alte site-uri;<\/p>\n\n\n\n<p><strong>\u2022 Cookie-uri de analiz\u0103 sau statistic\u0103<\/strong>: Aceste cookie-uri sunt utilizate pentru a colecta \u0219i raporta informa\u021bii agregate despre num\u0103rul de vizitatori \u0219i modul \u00een care utilizeaz\u0103 site-ul. Aceste cookie-uri colecteaz\u0103 informa\u021bii doar \u00een scopuri statistice \u0219i utilizeaz\u0103 numai identificatori de cookie pseudonimiza\u021bi, care identific\u0103 direct vizitatorul;<\/p>\n\n\n\n<p><strong>\u2022 Cookie-uri de direc\u021bionare\/targeting sau de marketing<\/strong>: Aceste cookie-uri sunt folosite pentru a urm\u0103ri vizitatorii de pe site-uri pentru a furniza publicitate mai relevant\u0103 \u0219i mai atractiv\u0103 pentru vizitatori. Acestea sunt, de asemenea, utilizate pentru a limita de c\u00e2te ori un izitator vede o reclam\u0103, precum \u0219i pentru a ajuta la m\u0103surarea eficacit\u0103\u021bii unei campanii de marketing. Aceste cookie-uri \u00ee\u0219i amintesc c\u0103 un vizitator a accesat un site iar aceste informa\u021bii pot fi partajate cu alte organiza\u021bii, cum ar fi agen\u021biile ter\u021be de marketing \u0219i publicitate. Aceasta \u00eenseamn\u0103 c\u0103, dup\u0103 ce un vizitator a fost pe un site, acesta poate vedea unele reclame despre site-ul respectiv \u00een alt\u0103 parte pe Internet. De\u0219i aceste cookie-uri pot urm\u0103ri vizitele dispozitivului vizitatorului pe site-uri, de obicei nu pot identifica personal vizitatorul, \u00eentruc\u00e2t se bazeaz\u0103 pe identificarea unica a browser-ului si\/sau a dispozitivului;<\/p>\n\n\n\n<p><strong>\u2022 Cookie-uri social media \u0219i de con\u021binut<\/strong>: Aceste cookie-uri sunt plasate de mai multe plugin-uri de social media (de exemplu, butonul \u201elike\u201d de pe Facebook) \u0219i alte instrumente menite s\u0103 furnizeze sau s\u0103 \u00eembun\u0103t\u0103\u021beasc\u0103 con\u021binutul de pe un site (de exemplu, servicii care permit redarea fi\u0219ierelor video sau care creeaz\u0103 sec\u021biuni de comentarii). Aceste cookie-uri se integreaz\u0103 pentru a \u00eembun\u0103t\u0103\u021bi experien\u021ba de navigare \u0219i de interac\u021bionare cu site-ul. Acestea pot urm\u0103ri browser-ul vizitatorului pe alte site-uri si pot crea un profil al intereselor vizitatorului. Acest lucru poate afecta con\u021binutul si mesajele pe care vizitatorii le vad pe alte site-uri pe care le viziteaz\u0103. Unele dintre aceste servicii ter\u021be plaseaz\u0103 cookie-uri care sunt, de asemenea, utilizate pentru lucruri precum publicitate comportamental\u0103, analize \u0219i \/ sau cercet\u0103ri de pia\u021b\u0103.<\/p>\n\n\n\n<h2 class=\"wp-block-heading\" id=\"chapter8\">8.COOKIE-URI FOLOSITE PE SITE-UL NOSTRU<\/h2>\n\n\n\n<p>Nutricor Business utilizeaz\u0103 categoriile de cookie-uri descrise \u00een pagina \u201eSetari cookie-uri\u201d din Site-uri si Aplica\u021bii. Pentru instruc\u021biuni privind modalitate de accesare a pagini de set\u0103ri cookie-uri, consulta\u021bi sec\u021biunea 9 de mai jos.<\/p>\n\n\n\n<h2 class=\"wp-block-heading\" id=\"chapter9\">9. RESTRIC\u021aIONAREA \u0218I \u0218TERGEREA COOKIE-URILOR<\/h2>\n\n\n\n<p>La prima vizitare a Site-ului si ulterior la fiecare revalidare a consim\u021b\u0103m\u00e2ntului, apare un banner informativ care con\u021bine informa\u021biile relevante cu privire la cookie-uri utilizate. Prin intermediul acestui banner, vei putea s\u0103 alegi categoriile de cookie-uri pe care le accep\u021bi (cu excep\u021bia cookie-urilor strict necesare pentru func\u021bionarea Site-ului, f\u0103r\u0103 de care nu vei putea accesa Site-ul), astfel:<\/p>\n\n\n\n<p>&#8211; Ap\u0103s\u00e2nd butonul \u201eAccept toate cookie-urile\u201d, accep\u021bi toate cookie-urile de pe Site-ul vizitat;<\/p>\n\n\n\n<p>&#8211; Ap\u0103s\u00e2nd butonul \u201eRefuz toate cookie-urile\u201d, refuzi toate cookie-urile de pe Site-ul vizitat;<\/p>\n\n\n\n<p>&#8211; Ap\u0103s\u00e2nd butonul \u201eSet\u0103ri cookie-uri\u201d, accesezi centrul de preferin\u021b\u0103, de unde po\u021bi alege ce categorii de cookie-uri dore\u0219ti sa fie plasate pe dispozitivul t\u0103u; centrul de preferin\u021b\u0103 con\u021bine un meniu in partea st\u00e2nga, de unde po\u021bi selecta categoriile de cookie-uri; pentru a accepta o categorie de cookie-uri, apas\u0103 butonul de tip comutator (\u201etoggle\u201d).<\/p>\n\n\n\n<p>Ulterior, dac\u0103 dore\u0219ti s\u0103 schimbi preferin\u021bele tale, po\u021bi modifica oric\u00e2nd set\u0103rile cookie-urilor de pe Site prin intermediul centrului de preferin\u021b\u0103 pentru cookie-uri. Acesta poate fi accesat \u00een orice moment \u0219i de pe orice alt\u0103 pagin\u0103 a Site-ului, prin click pe butonul care este pozi\u021bionat pe ecran tot timpul \u00een st\u00e2nga jos peste text.<\/p>\n\n\n\n<p>In plus, daca dore\u0219ti, po\u021bi restric\u021biona sau \u0219terge oric\u00e2nd cookie-urile utiliz\u00e2nd set\u0103rile browser-ului t\u0103u. Cu toate acestea, \u00ee\u021bi reamintim c\u0103, \u00een cazul \u00een care ai cookie-uri restric\u021bionate pe dispozitivul t\u0103u, nu vei mai putea folosi toate func\u021biile Site-ului nostru. De exemplu, dezactivarea anumitor cookie-uri nu ne-ar mai permite s\u0103 \u00ee\u021bi afi\u0219\u0103m anumite tipuri de con\u021binut. Pentru a modifica set\u0103rile browser-ului, po\u021bi accesa sec\u021biunea \u201eAjutor\u201d (\u201eHelp\u201d) din cadrul browser-ului, sau po\u021bi accesa direct urm\u0103toarele link-uri:<\/p>\n\n\n\n<p>\u2022 Microsoft Edge:&nbsp;<a href=\"https:\/\/support.microsoft.com\/ro-ro\/topic\/%C8%99tergerea-%C8%99i-gestionarea-modulelor-cookie-168dab11-0753-043d-7c16-ede5947fc64d#ie=ie-11\">https:\/\/support.microsoft.com\/ro-ro\/topic\/%C8%99tergerea-%C8%99i-gestionarea-modulelor-cookie-168dab11-0753-043d-7c16-ede5947fc64d#ie=ie-11<\/a><\/p>\n\n\n\n<p>\u2022 Chrome:&nbsp;<a href=\"https:\/\/support.google.com\/chrome\/answer\/95647?hl=ro\">https:\/\/support.google.com\/chrome\/answer\/95647?hl=ro<\/a><\/p>\n\n\n\n<p>\u2022 Safari:&nbsp;<a href=\"https:\/\/support.apple.com\/ro-ro\/HT201265\">https:\/\/support.apple.com\/ro-ro\/HT201265<\/a><\/p>\n\n\n\n<p>\u2022 Firefox:<a href=\"https:\/\/support.mozilla.org\/ro\/kb\/enhanced-tracking-protection-firefox-desktop?redirectslug=enable-and-disable-cookies-website-preferences&amp;redirectlocale=ro-RO\">&nbsp;https:\/\/support.mozilla.org\/ro\/kb\/enhanced-tracking-protection-firefox-desktop?redirectslug=enable-and-disable-cookies-website-preferences&amp;redirectlocale=ro-RO<\/a><\/p>\n\n\n\n<p>\u2022 Opera:&nbsp;<a href=\"https:\/\/help.opera.com\/en\/latest\/web-preferences\/\">https:\/\/help.opera.com\/en\/latest\/web-preferences\/<\/a><\/p>\n\n\n\n<h2 class=\"wp-block-heading\" id=\"chapter10\">10. CARE SUNT CONSECINTELE RESTRICTIONARII DE COOKIE-URI SAU A RETRAGERII CONSIMTAMANTULUI<\/h2>\n\n\n\n<p>Restric\u021bionarea modulelor cookie are un impact direct at\u00e2t asupra modului \u00een care func\u021bioneaz\u0103 site-ul, c\u00e2t \u0219i asupra experien\u021bei tale de navigare. De\u0219i acest lucru \u00ee\u021bi ofer\u0103 un control mai mare asupra confiden\u021bialit\u0103\u021bii datelor, vine cu c\u00e2teva dezavantaje func\u021bionale.<\/p>\n\n\n\n<h2 class=\"wp-block-heading\" id=\"chapter11\">11. RECOMAND\u0102RI DE SECURITATE<\/h2>\n\n\n\n<p>Mai jos regase\u0219ti c\u00e2teva sfaturi care te pot ajuta s\u0103 navighezi \u00een siguran\u021b\u0103 folosind \u0219i accept\u00e2nd cookie-uri:<\/p>\n\n\n\n<ul>\n<li>Particularizeaz\u0103-\u021bi set\u0103rile browser-ului \u00een ceea ce prive\u0219te cookie-urile pentru a reflecta un nivel confortabil pentru tine privind securitatea utiliz\u0103rii cookie-urilor;<\/li>\n\n\n\n<li>Dac\u0103 \u00eempar\u021bi accesul la dispozitiv cu mai multe persoane, po\u021bi lua \u00een considerare setarea browser-ului pentru a \u0219terge datele individuale de navigare de fiecare dat\u0103 c\u00e2nd \u00eenchizi browser-ul. Aceasta este o varianta de a accesa site-urile care plaseaz\u0103 cookie-uri \u0219i de a \u0219terge orice informa\u021bie de vizitare la \u00eenchiderea sesiunii navigare; &nbsp;<\/li>\n\n\n\n<li>Instaleaz\u0103-\u021bi \u0219i actualizeaz\u0103-\u021bi constant aplica\u021bii de antivirus \u0219i antispyware; multe dintre aplica\u021biile de detectare \u0219i prevenire a spyware-ului includ detectarea atacurilor pe site-uri. Acestea \u00eempiedic\u0103 browser-ul de la a accesa site-uri care ar putea s\u0103 exploateze vulnerabilit\u0103\u021bile browser-ului sau s\u0103 descarce software periculos; &nbsp;<\/li>\n\n\n\n<li>Asigur\u0103-te c\u0103 ai browser-ul mereu actualizat. Multe dintre atacurile bazate pe cookies se realizeaz\u0103 exploat\u00e2nd punctele slabe ale versiunilor vechi ale browserelor.<\/li>\n<\/ul>\n\n\n\n<h2 class=\"wp-block-heading\" id=\"chapter12\">12. ACTUALIZAREA INFORMA\u021aIILOR INCLUSE \u00ceN ACEAST\u0102 POLITIC\u0102<\/h2>\n\n\n\n<p>Nutricor Business poate actualiza periodic prezenta Politic\u0103 de Cookie-uri, f\u0103r\u0103 o notificare prealabil\u0103, pe m\u0103sur\u0103 ce activitatea \u0219i serviciile prestate de Noi se extind sau se schimb\u0103, sau \u00een situa\u021bia \u00een care Nutricor Business este obligat\u0103 potrivit legii s\u0103 aduc\u0103 modific\u0103ri. Nutricor Business va afi\u0219a cea mai actual\u0103 versiune a acestei Politici de Cookie-uri pe Site-ul propriu. Prin urmare, te rug\u0103m s\u0103 verifici periodic dac\u0103 exist\u0103 actualiz\u0103ri. \u00cen cazul \u00een care Nutricor Business aduce modific\u0103ri majore practicilor specificate \u00een prezenta Politic\u0103 de Cookie-uri, te vom notifica utiliz\u00e2nd datele de contact disponibile.<\/p>\n\n\n\n<h2 class=\"wp-block-heading\" id=\"chapter13\">13. CONTACT<\/h2>\n\n\n\n<p>Pentru orice \u00eentreb\u0103ri suplimentare cu privire la modul \u00een care colect\u0103m \u0219i utiliz\u0103m cookie-uri, te rug\u0103m s\u0103 trimiti un email catre produse@nutricor.ro. Po\u021bi, de asemenea, transmite o cerere detaliat\u0103 la adresa noastr\u0103, mentionata la pagina de contact. <\/p>\n\n\n\n<p> <\/p>\n\n\n<div class=\"wpconsent-cookie-policy\"><h2 class=\"wpconsent-cookie-category-name\">Esentiale<\/h2><p class=\"wpconsent-cookie-category-description\">Cookies esentiale permit functionalitatile de baza si sunt necesare pentru buna accesare a a site-ului.<\/p><table class=\"wpconsent-cookie-policy-table\"><tr><th>Name<\/th><th>Description<\/th><th>Duration<\/th><\/tr><tr><td>wpconsent_preferences<\/td><td>This cookie is used to store the user&#039;s cookie consent preferences.<\/td><td>30 days<\/td><\/tr><tr><td><\/td><td>This cookie is used to store the user&#039;s cookie consent preferences.<\/td><td>30 days<\/td><\/tr><\/table><\/div>\n","protected":false},"excerpt":{"rendered":"<p>POLITICA DE COOKIE-URI VERSIUNE DIN: 20.03.2026 1. CINE SUNTEM? 1.1. Aceast\u0103 Politic\u0103 de Cookie-uri \u00ee\u0163i explic\u0103 modul \u00een care noi,&nbsp;NUTRICOR &hellip; <\/p>\n","protected":false},"author":1,"featured_media":0,"parent":0,"menu_order":0,"comment_status":"closed","ping_status":"closed","template":"","meta":{"om_disable_all_campaigns":false,"_monsterinsights_skip_tracking":false,"_monsterinsights_sitenote_active":false,"_monsterinsights_sitenote_note":"","_monsterinsights_sitenote_category":0,"_uf_show_specific_survey":0,"_uf_disable_surveys":false,"footnotes":""},"aioseo_notices":[],"_links":{"self":[{"href":"https:\/\/nutricor.ro\/index.php\/wp-json\/wp\/v2\/pages\/2192"}],"collection":[{"href":"https:\/\/nutricor.ro\/index.php\/wp-json\/wp\/v2\/pages"}],"about":[{"href":"https:\/\/nutricor.ro\/index.php\/wp-json\/wp\/v2\/types\/page"}],"author":[{"embeddable":true,"href":"https:\/\/nutricor.ro\/index.php\/wp-json\/wp\/v2\/users\/1"}],"replies":[{"embeddable":true,"href":"https:\/\/nutricor.ro\/index.php\/wp-json\/wp\/v2\/comments?post=2192"}],"version-history":[{"count":4,"href":"https:\/\/nutricor.ro\/index.php\/wp-json\/wp\/v2\/pages\/2192\/revisions"}],"predecessor-version":[{"id":2197,"href":"https:\/\/nutricor.ro\/index.php\/wp-json\/wp\/v2\/pages\/2192\/revisions\/2197"}],"wp:attachment":[{"href":"https:\/\/nutricor.ro\/index.php\/wp-json\/wp\/v2\/media?parent=2192"}],"curies":[{"name":"wp","href":"https:\/\/api.w.org\/{rel}","templated":true}]}}